{"id":314,"date":"2024-02-27T10:57:22","date_gmt":"2024-02-27T09:57:22","guid":{"rendered":"https:\/\/bgr.se\/vision-days\/?page_id=314"},"modified":"2026-04-15T07:09:47","modified_gmt":"2026-04-15T05:09:47","slug":"kontakt","status":"publish","type":"page","link":"https:\/\/bgr.se\/vision-days\/kontakt\/","title":{"rendered":"Kontakt"},"content":{"rendered":"\t\t<div data-elementor-type=\"wp-page\" data-elementor-id=\"314\" class=\"elementor elementor-314\" data-elementor-post-type=\"page\">\n\t\t\t\t<div class=\"elementor-element elementor-element-818d857 e-flex e-con-boxed e-con e-parent\" data-id=\"818d857\" data-element_type=\"container\" data-e-type=\"container\">\n\t\t\t\t\t<div class=\"e-con-inner\">\n\t\t\t\t<div class=\"elementor-element elementor-element-abafc93 elementor-widget elementor-widget-heading\" data-id=\"abafc93\" data-element_type=\"widget\" data-e-type=\"widget\" data-widget_type=\"heading.default\">\n\t\t\t\t<div class=\"elementor-widget-container\">\n\t\t\t\t\t<h1 class=\"elementor-heading-title elementor-size-default\">Kontakt<\/h1>\t\t\t\t<\/div>\n\t\t\t\t<\/div>\n\t\t\t\t\t<\/div>\n\t\t\t\t<\/div>\n\t\t<div class=\"elementor-element elementor-element-440c7cf e-flex e-con-boxed e-con e-parent\" data-id=\"440c7cf\" data-element_type=\"container\" data-e-type=\"container\">\n\t\t\t\t\t<div class=\"e-con-inner\">\n\t\t\t\t<div class=\"elementor-element elementor-element-7eed575 elementor-widget__width-initial elementor-widget elementor-widget-text-editor\" data-id=\"7eed575\" data-element_type=\"widget\" data-e-type=\"widget\" data-widget_type=\"text-editor.default\">\n\t\t\t\t<div class=\"elementor-widget-container\">\n\t\t\t\t\t\t\t\t\t<p>Vill ditt f\u00f6retag synas under Vision Days, eller har du fr\u00e5gor g\u00e4llande press, anm\u00e4lan eller deltagande?<br \/><br \/>Kontakta v\u00e5r projektledare via kontaktformul\u00e4ret nedan s\u00e5 \u00e5terkopplar vi s\u00e5 snart vi hinner.\u00a0<\/p>\t\t\t\t\t\t\t\t<\/div>\n\t\t\t\t<\/div>\n\t\t\t\t\t<\/div>\n\t\t\t\t<\/div>\n\t\t<div class=\"elementor-element elementor-element-9dc8642 e-flex e-con-boxed e-con e-parent\" data-id=\"9dc8642\" data-element_type=\"container\" data-e-type=\"container\">\n\t\t\t\t\t<div class=\"e-con-inner\">\n\t\t\t\t<div class=\"elementor-element elementor-element-ea0d929 kontaktform elementor-widget-tablet__width-initial elementor-button-align-stretch elementor-widget elementor-widget-form\" data-id=\"ea0d929\" data-element_type=\"widget\" data-e-type=\"widget\" data-settings=\"{&quot;step_next_label&quot;:&quot;Next&quot;,&quot;step_previous_label&quot;:&quot;Previous&quot;,&quot;button_width&quot;:&quot;30&quot;,&quot;step_type&quot;:&quot;number_text&quot;,&quot;step_icon_shape&quot;:&quot;circle&quot;}\" data-widget_type=\"form.default\">\n\t\t\t\t<div class=\"elementor-widget-container\">\n\t\t\t\t\t\t\t<form class=\"elementor-form\" method=\"post\" name=\"New Form\" aria-label=\"New Form\">\n\t\t\t<input type=\"hidden\" name=\"post_id\" value=\"314\"\/>\n\t\t\t<input type=\"hidden\" name=\"form_id\" value=\"ea0d929\"\/>\n\t\t\t<input type=\"hidden\" name=\"referer_title\" value=\"Kontakt |\u00a0Vision Days 2025\" \/>\n\n\t\t\t\t\t\t\t<input type=\"hidden\" name=\"queried_id\" value=\"314\"\/>\n\t\t\t\n\t\t\t<div class=\"elementor-form-fields-wrapper elementor-labels-\">\n\t\t\t\t\t\t\t\t<div class=\"elementor-field-type-text elementor-field-group elementor-column elementor-field-group-name elementor-col-100 elementor-field-required\">\n\t\t\t\t\t\t\t\t\t\t\t\t<label for=\"form-field-name\" class=\"elementor-field-label elementor-screen-only\">\n\t\t\t\t\t\t\t\tNamn\t\t\t\t\t\t\t<\/label>\n\t\t\t\t\t\t\t\t\t\t\t\t\t\t<input size=\"1\" type=\"text\" name=\"form_fields[name]\" id=\"form-field-name\" class=\"elementor-field elementor-size-lg  elementor-field-textual\" placeholder=\"Namn\" required=\"required\">\n\t\t\t\t\t\t\t\t\t\t\t<\/div>\n\t\t\t\t\t\t\t\t<div class=\"elementor-field-type-email elementor-field-group elementor-column elementor-field-group-email elementor-col-100 elementor-field-required\">\n\t\t\t\t\t\t\t\t\t\t\t\t<label for=\"form-field-email\" class=\"elementor-field-label elementor-screen-only\">\n\t\t\t\t\t\t\t\tE-post\t\t\t\t\t\t\t<\/label>\n\t\t\t\t\t\t\t\t\t\t\t\t\t\t<input size=\"1\" type=\"email\" name=\"form_fields[email]\" id=\"form-field-email\" class=\"elementor-field elementor-size-lg  elementor-field-textual\" placeholder=\"E-post\" required=\"required\">\n\t\t\t\t\t\t\t\t\t\t\t<\/div>\n\t\t\t\t\t\t\t\t<div class=\"elementor-field-type-textarea elementor-field-group elementor-column elementor-field-group-message elementor-col-100 elementor-field-required\">\n\t\t\t\t\t\t\t\t\t\t\t\t<label for=\"form-field-message\" class=\"elementor-field-label elementor-screen-only\">\n\t\t\t\t\t\t\t\tMeddelande\t\t\t\t\t\t\t<\/label>\n\t\t\t\t\t\t<textarea class=\"elementor-field-textual elementor-field  elementor-size-lg\" name=\"form_fields[message]\" id=\"form-field-message\" rows=\"1\" placeholder=\"Meddelande\" required=\"required\"><\/textarea>\t\t\t\t<\/div>\n\t\t\t\t\t\t\t\t<div class=\"elementor-field-group elementor-column elementor-field-type-submit elementor-col-30 e-form__buttons\">\n\t\t\t\t\t<button class=\"elementor-button elementor-size-md\" type=\"submit\">\n\t\t\t\t\t\t<span class=\"elementor-button-content-wrapper\">\n\t\t\t\t\t\t\t\t\t\t\t\t\t\t\t\t\t\t\t\t\t\t<span class=\"elementor-button-text\">SKICKA<\/span>\n\t\t\t\t\t\t\t\t\t\t\t\t\t<\/span>\n\t\t\t\t\t<\/button>\n\t\t\t\t<\/div>\n\t\t\t<\/div>\n\t\t<\/form>\n\t\t\t\t\t\t<\/div>\n\t\t\t\t<\/div>\n\t\t\t\t\t<\/div>\n\t\t\t\t<\/div>\n\t\t\t\t<\/div>\n\t\t","protected":false},"excerpt":{"rendered":"<p>Kontakt Vill ditt f\u00f6retag synas under Vision Days, eller har du fr\u00e5gor g\u00e4llande press, anm\u00e4lan eller deltagande? Kontakta v\u00e5r projektledare via kontaktformul\u00e4ret nedan s\u00e5 \u00e5terkopplar vi s\u00e5 snart vi hinner.\u00a0<\/p>\n","protected":false},"author":1,"featured_media":0,"parent":0,"menu_order":1040,"comment_status":"closed","ping_status":"closed","template":"","meta":{"_acf_changed":false,"footnotes":""},"class_list":["post-314","page","type-page","status-publish","hentry"],"acf":[],"yoast_head":"<!-- This site is optimized with the Yoast SEO plugin v27.4 - https:\/\/yoast.com\/product\/yoast-seo-wordpress\/ -->\n<title>Kontakt |\u00a0Vision Days 2025<\/title>\n<meta name=\"robots\" content=\"index, follow, max-snippet:-1, max-image-preview:large, max-video-preview:-1\" \/>\n<link rel=\"canonical\" href=\"https:\/\/bgr.se\/vision-days\/kontakt\/\" \/>\n<meta property=\"og:locale\" content=\"sv_SE\" \/>\n<meta property=\"og:type\" content=\"article\" \/>\n<meta property=\"og:title\" content=\"Kontakt |\u00a0Vision Days 2025\" \/>\n<meta property=\"og:description\" content=\"Kontakt Vill ditt f\u00f6retag synas under Vision Days, eller har du fr\u00e5gor g\u00e4llande press, anm\u00e4lan eller deltagande? Kontakta v\u00e5r projektledare via kontaktformul\u00e4ret nedan s\u00e5 \u00e5terkopplar vi s\u00e5 snart vi hinner.\u00a0\" \/>\n<meta property=\"og:url\" content=\"https:\/\/bgr.se\/vision-days\/kontakt\/\" \/>\n<meta property=\"og:site_name\" content=\"Vi samverkar f\u00f6r dig som f\u00f6retagare i Gnosj\u00f6regionen | BGRAB\" \/>\n<meta property=\"article:modified_time\" content=\"2026-04-15T05:09:47+00:00\" \/>\n<meta name=\"twitter:card\" content=\"summary_large_image\" \/>\n<meta name=\"twitter:label1\" content=\"Ber\u00e4knad l\u00e4stid\" \/>\n\t<meta name=\"twitter:data1\" content=\"1 minut\" \/>\n<script type=\"application\/ld+json\" class=\"yoast-schema-graph\">{\"@context\":\"https:\\\/\\\/schema.org\",\"@graph\":[{\"@type\":\"WebPage\",\"@id\":\"https:\\\/\\\/bgr.se\\\/vision-days\\\/kontakt\\\/\",\"url\":\"https:\\\/\\\/bgr.se\\\/vision-days\\\/kontakt\\\/\",\"name\":\"Kontakt |\u00a0Vision Days 2025\",\"isPartOf\":{\"@id\":\"https:\\\/\\\/bgr.se\\\/vision-days\\\/#website\"},\"datePublished\":\"2024-02-27T09:57:22+00:00\",\"dateModified\":\"2026-04-15T05:09:47+00:00\",\"inLanguage\":\"sv-SE\",\"potentialAction\":[{\"@type\":\"ReadAction\",\"target\":[\"https:\\\/\\\/bgr.se\\\/vision-days\\\/kontakt\\\/\"]}]},{\"@type\":\"WebSite\",\"@id\":\"https:\\\/\\\/bgr.se\\\/vision-days\\\/#website\",\"url\":\"https:\\\/\\\/bgr.se\\\/vision-days\\\/\",\"name\":\"Vi samverkar f\u00f6r dig som f\u00f6retagare i Gnosj\u00f6regionen | BGRAB\",\"description\":\"\",\"publisher\":{\"@id\":\"https:\\\/\\\/bgr.se\\\/vision-days\\\/#organization\"},\"potentialAction\":[{\"@type\":\"SearchAction\",\"target\":{\"@type\":\"EntryPoint\",\"urlTemplate\":\"https:\\\/\\\/bgr.se\\\/vision-days\\\/?s={search_term_string}\"},\"query-input\":{\"@type\":\"PropertyValueSpecification\",\"valueRequired\":true,\"valueName\":\"search_term_string\"}}],\"inLanguage\":\"sv-SE\"},{\"@type\":\"Organization\",\"@id\":\"https:\\\/\\\/bgr.se\\\/vision-days\\\/#organization\",\"name\":\"Vi samverkar f\u00f6r dig som f\u00f6retagare i Gnosj\u00f6regionen | BGRAB\",\"url\":\"https:\\\/\\\/bgr.se\\\/vision-days\\\/\",\"logo\":{\"@type\":\"ImageObject\",\"inLanguage\":\"sv-SE\",\"@id\":\"https:\\\/\\\/bgr.se\\\/vision-days\\\/#\\\/schema\\\/logo\\\/image\\\/\",\"url\":\"https:\\\/\\\/bgr.se\\\/vision-days\\\/wp-content\\\/uploads\\\/2024\\\/02\\\/bgr.png\",\"contentUrl\":\"https:\\\/\\\/bgr.se\\\/vision-days\\\/wp-content\\\/uploads\\\/2024\\\/02\\\/bgr.png\",\"width\":600,\"height\":581,\"caption\":\"Vi samverkar f\u00f6r dig som f\u00f6retagare i Gnosj\u00f6regionen | BGRAB\"},\"image\":{\"@id\":\"https:\\\/\\\/bgr.se\\\/vision-days\\\/#\\\/schema\\\/logo\\\/image\\\/\"}}]}<\/script>\n<!-- \/ Yoast SEO plugin. -->","yoast_head_json":{"title":"Kontakt |\u00a0Vision Days 2025","robots":{"index":"index","follow":"follow","max-snippet":"max-snippet:-1","max-image-preview":"max-image-preview:large","max-video-preview":"max-video-preview:-1"},"canonical":"https:\/\/bgr.se\/vision-days\/kontakt\/","og_locale":"sv_SE","og_type":"article","og_title":"Kontakt |\u00a0Vision Days 2025","og_description":"Kontakt Vill ditt f\u00f6retag synas under Vision Days, eller har du fr\u00e5gor g\u00e4llande press, anm\u00e4lan eller deltagande? Kontakta v\u00e5r projektledare via kontaktformul\u00e4ret nedan s\u00e5 \u00e5terkopplar vi s\u00e5 snart vi hinner.\u00a0","og_url":"https:\/\/bgr.se\/vision-days\/kontakt\/","og_site_name":"Vi samverkar f\u00f6r dig som f\u00f6retagare i Gnosj\u00f6regionen | BGRAB","article_modified_time":"2026-04-15T05:09:47+00:00","twitter_card":"summary_large_image","twitter_misc":{"Ber\u00e4knad l\u00e4stid":"1 minut"},"schema":{"@context":"https:\/\/schema.org","@graph":[{"@type":"WebPage","@id":"https:\/\/bgr.se\/vision-days\/kontakt\/","url":"https:\/\/bgr.se\/vision-days\/kontakt\/","name":"Kontakt |\u00a0Vision Days 2025","isPartOf":{"@id":"https:\/\/bgr.se\/vision-days\/#website"},"datePublished":"2024-02-27T09:57:22+00:00","dateModified":"2026-04-15T05:09:47+00:00","inLanguage":"sv-SE","potentialAction":[{"@type":"ReadAction","target":["https:\/\/bgr.se\/vision-days\/kontakt\/"]}]},{"@type":"WebSite","@id":"https:\/\/bgr.se\/vision-days\/#website","url":"https:\/\/bgr.se\/vision-days\/","name":"Vi samverkar f\u00f6r dig som f\u00f6retagare i Gnosj\u00f6regionen | BGRAB","description":"","publisher":{"@id":"https:\/\/bgr.se\/vision-days\/#organization"},"potentialAction":[{"@type":"SearchAction","target":{"@type":"EntryPoint","urlTemplate":"https:\/\/bgr.se\/vision-days\/?s={search_term_string}"},"query-input":{"@type":"PropertyValueSpecification","valueRequired":true,"valueName":"search_term_string"}}],"inLanguage":"sv-SE"},{"@type":"Organization","@id":"https:\/\/bgr.se\/vision-days\/#organization","name":"Vi samverkar f\u00f6r dig som f\u00f6retagare i Gnosj\u00f6regionen | BGRAB","url":"https:\/\/bgr.se\/vision-days\/","logo":{"@type":"ImageObject","inLanguage":"sv-SE","@id":"https:\/\/bgr.se\/vision-days\/#\/schema\/logo\/image\/","url":"https:\/\/bgr.se\/vision-days\/wp-content\/uploads\/2024\/02\/bgr.png","contentUrl":"https:\/\/bgr.se\/vision-days\/wp-content\/uploads\/2024\/02\/bgr.png","width":600,"height":581,"caption":"Vi samverkar f\u00f6r dig som f\u00f6retagare i Gnosj\u00f6regionen | BGRAB"},"image":{"@id":"https:\/\/bgr.se\/vision-days\/#\/schema\/logo\/image\/"}}]}},"_links":{"self":[{"href":"https:\/\/bgr.se\/vision-days\/wp-json\/wp\/v2\/pages\/314","targetHints":{"allow":["GET"]}}],"collection":[{"href":"https:\/\/bgr.se\/vision-days\/wp-json\/wp\/v2\/pages"}],"about":[{"href":"https:\/\/bgr.se\/vision-days\/wp-json\/wp\/v2\/types\/page"}],"author":[{"embeddable":true,"href":"https:\/\/bgr.se\/vision-days\/wp-json\/wp\/v2\/users\/1"}],"replies":[{"embeddable":true,"href":"https:\/\/bgr.se\/vision-days\/wp-json\/wp\/v2\/comments?post=314"}],"version-history":[{"count":120,"href":"https:\/\/bgr.se\/vision-days\/wp-json\/wp\/v2\/pages\/314\/revisions"}],"predecessor-version":[{"id":4218,"href":"https:\/\/bgr.se\/vision-days\/wp-json\/wp\/v2\/pages\/314\/revisions\/4218"}],"wp:attachment":[{"href":"https:\/\/bgr.se\/vision-days\/wp-json\/wp\/v2\/media?parent=314"}],"curies":[{"name":"wp","href":"https:\/\/api.w.org\/{rel}","templated":true}]}}