{"id":276,"date":"2024-02-27T08:34:10","date_gmt":"2024-02-27T07:34:10","guid":{"rendered":"https:\/\/bgr.se\/vision-days\/?page_id=276"},"modified":"2026-02-02T14:07:41","modified_gmt":"2026-02-02T13:07:41","slug":"eventkalender","status":"publish","type":"page","link":"https:\/\/bgr.se\/vision-days\/eventkalender\/","title":{"rendered":"Eventkalender"},"content":{"rendered":"\t\t<div data-elementor-type=\"wp-page\" data-elementor-id=\"276\" class=\"elementor elementor-276\" data-elementor-post-type=\"page\">\n\t\t\t\t<div class=\"elementor-element elementor-element-de8fa9a e-flex e-con-boxed e-con e-parent\" data-id=\"de8fa9a\" data-element_type=\"container\" data-e-type=\"container\">\n\t\t\t\t\t<div class=\"e-con-inner\">\n\t\t\t\t<div class=\"elementor-element elementor-element-b14b4b1 elementor-widget elementor-widget-heading\" data-id=\"b14b4b1\" data-element_type=\"widget\" data-e-type=\"widget\" data-widget_type=\"heading.default\">\n\t\t\t\t<div class=\"elementor-widget-container\">\n\t\t\t\t\t<h1 class=\"elementor-heading-title elementor-size-default\">Eventkalender  <\/h1>\t\t\t\t<\/div>\n\t\t\t\t<\/div>\n\t\t\t\t\t<\/div>\n\t\t\t\t<\/div>\n\t\t<div class=\"elementor-element elementor-element-e82acd8 e-flex e-con-boxed e-con e-parent\" data-id=\"e82acd8\" data-element_type=\"container\" data-e-type=\"container\">\n\t\t\t\t\t<div class=\"e-con-inner\">\n\t\t\t\t<div class=\"elementor-element elementor-element-b16a72e elementor-widget__width-initial elementor-widget elementor-widget-text-editor\" data-id=\"b16a72e\" data-element_type=\"widget\" data-e-type=\"widget\" data-widget_type=\"text-editor.default\">\n\t\t\t\t<div class=\"elementor-widget-container\">\n\t\t\t\t\t\t\t\t\t<p>Vi ses vecka 40<\/p>\t\t\t\t\t\t\t\t<\/div>\n\t\t\t\t<\/div>\n\t\t\t\t\t<\/div>\n\t\t\t\t<\/div>\n\t\t<div class=\"elementor-element elementor-element-36abcac e-flex e-con-boxed e-con e-parent\" data-id=\"36abcac\" data-element_type=\"container\" data-e-type=\"container\">\n\t\t\t\t\t<div class=\"e-con-inner\">\n\t\t\t\t<div class=\"elementor-element elementor-element-5dc6c63 rubrik-avgransare elementor-widget elementor-widget-heading\" data-id=\"5dc6c63\" data-element_type=\"widget\" data-e-type=\"widget\" data-widget_type=\"heading.default\">\n\t\t\t\t<div class=\"elementor-widget-container\">\n\t\t\t\t\t<span class=\"elementor-heading-title elementor-size-default\">Eventkalendern 2026 - Under arbete!<\/span>\t\t\t\t<\/div>\n\t\t\t\t<\/div>\n\t\t\t\t\t<\/div>\n\t\t\t\t<\/div>\n\t\t<div class=\"elementor-element elementor-element-052e778 e-flex e-con-boxed e-con e-parent\" data-id=\"052e778\" data-element_type=\"container\" data-e-type=\"container\">\n\t\t\t\t\t<div class=\"e-con-inner\">\n\t\t\t\t<div class=\"elementor-element elementor-element-8cd470b elementor-widget elementor-widget-spacer\" data-id=\"8cd470b\" data-element_type=\"widget\" data-e-type=\"widget\" data-widget_type=\"spacer.default\">\n\t\t\t\t<div class=\"elementor-widget-container\">\n\t\t\t\t\t\t\t<div class=\"elementor-spacer\">\n\t\t\t<div class=\"elementor-spacer-inner\"><\/div>\n\t\t<\/div>\n\t\t\t\t\t\t<\/div>\n\t\t\t\t<\/div>\n\t\t\t\t<div class=\"elementor-element elementor-element-b757a76 elementor-hidden-desktop elementor-hidden-tablet elementor-hidden-mobile elementor-widget elementor-widget-image\" data-id=\"b757a76\" data-element_type=\"widget\" data-e-type=\"widget\" data-widget_type=\"image.default\">\n\t\t\t\t<div class=\"elementor-widget-container\">\n\t\t\t\t\t\t\t\t\t\t\t\t\t\t\t<img fetchpriority=\"high\" decoding=\"async\" width=\"800\" height=\"703\" src=\"https:\/\/bgr.se\/vision-days\/wp-content\/uploads\/2025\/10\/Bild-med-alla-forelasarna-2025.jpg\" class=\"attachment-large size-large wp-image-3902\" alt=\"\" srcset=\"https:\/\/bgr.se\/vision-days\/wp-content\/uploads\/2025\/10\/Bild-med-alla-forelasarna-2025.jpg 1024w, https:\/\/bgr.se\/vision-days\/wp-content\/uploads\/2025\/10\/Bild-med-alla-forelasarna-2025-300x264.jpg 300w, https:\/\/bgr.se\/vision-days\/wp-content\/uploads\/2025\/10\/Bild-med-alla-forelasarna-2025-768x675.jpg 768w\" sizes=\"(max-width: 800px) 100vw, 800px\" \/>\t\t\t\t\t\t\t\t\t\t\t\t\t\t\t<\/div>\n\t\t\t\t<\/div>\n\t\t\t\t\t<\/div>\n\t\t\t\t<\/div>\n\t\t<div class=\"elementor-element elementor-element-6c1185c e-flex e-con-boxed e-con e-parent\" data-id=\"6c1185c\" data-element_type=\"container\" data-e-type=\"container\">\n\t\t\t\t\t<div class=\"e-con-inner\">\n\t\t\t\t<div class=\"elementor-element elementor-element-7718978 rubrik-avgransare elementor-widget elementor-widget-heading\" data-id=\"7718978\" data-element_type=\"widget\" data-e-type=\"widget\" data-widget_type=\"heading.default\">\n\t\t\t\t<div class=\"elementor-widget-container\">\n\t\t\t\t\t<span class=\"elementor-heading-title elementor-size-default\">Eventkalendern 2025<\/span>\t\t\t\t<\/div>\n\t\t\t\t<\/div>\n\t\t\t\t<div class=\"elementor-element elementor-element-b3dd2a3 elementor-widget elementor-widget-image\" data-id=\"b3dd2a3\" data-element_type=\"widget\" data-e-type=\"widget\" data-widget_type=\"image.default\">\n\t\t\t\t<div class=\"elementor-widget-container\">\n\t\t\t\t\t\t\t\t\t\t\t\t\t\t\t<img fetchpriority=\"high\" decoding=\"async\" width=\"800\" height=\"703\" src=\"https:\/\/bgr.se\/vision-days\/wp-content\/uploads\/2025\/10\/Bild-med-alla-forelasarna-2025.jpg\" class=\"attachment-large size-large wp-image-3902\" alt=\"\" srcset=\"https:\/\/bgr.se\/vision-days\/wp-content\/uploads\/2025\/10\/Bild-med-alla-forelasarna-2025.jpg 1024w, https:\/\/bgr.se\/vision-days\/wp-content\/uploads\/2025\/10\/Bild-med-alla-forelasarna-2025-300x264.jpg 300w, https:\/\/bgr.se\/vision-days\/wp-content\/uploads\/2025\/10\/Bild-med-alla-forelasarna-2025-768x675.jpg 768w\" sizes=\"(max-width: 800px) 100vw, 800px\" \/>\t\t\t\t\t\t\t\t\t\t\t\t\t\t\t<\/div>\n\t\t\t\t<\/div>\n\t\t\t\t\t<\/div>\n\t\t\t\t<\/div>\n\t\t<div class=\"elementor-element elementor-element-f1879ef vision-days-event-loop-cont e-flex e-con-boxed e-con e-parent\" data-id=\"f1879ef\" data-element_type=\"container\" data-e-type=\"container\">\n\t\t\t\t\t<div class=\"e-con-inner\">\n\t\t\t\t<div class=\"elementor-element elementor-element-632e0f4 elementor-widget__width-inherit elementor-grid-3 elementor-grid-tablet-2 elementor-grid-mobile-1 elementor-widget elementor-widget-loop-grid\" data-id=\"632e0f4\" data-element_type=\"widget\" data-e-type=\"widget\" data-settings=\"{&quot;template_id&quot;:&quot;565&quot;,&quot;row_gap&quot;:{&quot;unit&quot;:&quot;custom&quot;,&quot;size&quot;:&quot;60px&quot;,&quot;sizes&quot;:[]},&quot;row_gap_tablet&quot;:{&quot;unit&quot;:&quot;custom&quot;,&quot;size&quot;:&quot;&quot;,&quot;sizes&quot;:[]},&quot;row_gap_mobile&quot;:{&quot;unit&quot;:&quot;custom&quot;,&quot;size&quot;:&quot;&quot;,&quot;sizes&quot;:[]},&quot;_skin&quot;:&quot;post&quot;,&quot;columns&quot;:&quot;3&quot;,&quot;columns_tablet&quot;:&quot;2&quot;,&quot;columns_mobile&quot;:&quot;1&quot;,&quot;edit_handle_selector&quot;:&quot;[data-elementor-type=\\&quot;loop-item\\&quot;]&quot;}\" data-widget_type=\"loop-grid.post\">\n\t\t\t\t<div class=\"elementor-widget-container\">\n\t\t\t\t\t\t\t<div class=\"e-loop-nothing-found-message\">\n\t\t<\/div>\n\t\t\t\t\t\t<\/div>\n\t\t\t\t<\/div>\n\t\t\t\t\t<\/div>\n\t\t\t\t<\/div>\n\t\t\t\t<\/div>\n\t\t","protected":false},"excerpt":{"rendered":"<p>Eventkalender Vi ses vecka 40 Eventkalendern 2026 &#8211; Under arbete! Eventkalendern 2025<\/p>\n","protected":false},"author":1,"featured_media":0,"parent":0,"menu_order":1020,"comment_status":"closed","ping_status":"open","template":"","meta":{"_acf_changed":false,"footnotes":""},"class_list":["post-276","page","type-page","status-publish","hentry"],"acf":[],"yoast_head":"<!-- This site is optimized with the Yoast SEO plugin v27.4 - https:\/\/yoast.com\/product\/yoast-seo-wordpress\/ -->\n<title>Eventkalender |\u00a0Vision Days 2025<\/title>\n<meta name=\"description\" content=\"Missa inga aktiviteter under Vision Days! H\u00e4r hittar ni aktiviteterna som sker i samband med Vision Days 2024.\" \/>\n<meta name=\"robots\" content=\"index, follow, max-snippet:-1, max-image-preview:large, max-video-preview:-1\" \/>\n<link rel=\"canonical\" href=\"https:\/\/bgr.se\/vision-days\/eventkalender\/\" \/>\n<meta property=\"og:locale\" content=\"sv_SE\" \/>\n<meta property=\"og:type\" content=\"article\" \/>\n<meta property=\"og:title\" content=\"Eventkalender |\u00a0Vision Days 2025\" \/>\n<meta property=\"og:description\" content=\"Missa inga aktiviteter under Vision Days! H\u00e4r hittar ni aktiviteterna som sker i samband med Vision Days 2024.\" \/>\n<meta property=\"og:url\" content=\"https:\/\/bgr.se\/vision-days\/eventkalender\/\" \/>\n<meta property=\"og:site_name\" content=\"Vi samverkar f\u00f6r dig som f\u00f6retagare i Gnosj\u00f6regionen | BGRAB\" \/>\n<meta property=\"article:modified_time\" content=\"2026-02-02T13:07:41+00:00\" \/>\n<meta property=\"og:image\" content=\"https:\/\/bgr.se\/vision-days\/wp-content\/uploads\/2025\/10\/Bild-med-alla-forelasarna-2025.jpg\" \/>\n\t<meta property=\"og:image:width\" content=\"1024\" \/>\n\t<meta property=\"og:image:height\" content=\"900\" \/>\n\t<meta property=\"og:image:type\" content=\"image\/jpeg\" \/>\n<meta name=\"twitter:card\" content=\"summary_large_image\" \/>\n<meta name=\"twitter:label1\" content=\"Ber\u00e4knad l\u00e4stid\" \/>\n\t<meta name=\"twitter:data1\" content=\"1 minut\" \/>\n<script type=\"application\/ld+json\" class=\"yoast-schema-graph\">{\"@context\":\"https:\\\/\\\/schema.org\",\"@graph\":[{\"@type\":\"WebPage\",\"@id\":\"https:\\\/\\\/bgr.se\\\/vision-days\\\/eventkalender\\\/\",\"url\":\"https:\\\/\\\/bgr.se\\\/vision-days\\\/eventkalender\\\/\",\"name\":\"Eventkalender |\u00a0Vision Days 2025\",\"isPartOf\":{\"@id\":\"https:\\\/\\\/bgr.se\\\/vision-days\\\/#website\"},\"primaryImageOfPage\":{\"@id\":\"https:\\\/\\\/bgr.se\\\/vision-days\\\/eventkalender\\\/#primaryimage\"},\"image\":{\"@id\":\"https:\\\/\\\/bgr.se\\\/vision-days\\\/eventkalender\\\/#primaryimage\"},\"thumbnailUrl\":\"https:\\\/\\\/bgr.se\\\/vision-days\\\/wp-content\\\/uploads\\\/2025\\\/10\\\/Bild-med-alla-forelasarna-2025.jpg\",\"datePublished\":\"2024-02-27T07:34:10+00:00\",\"dateModified\":\"2026-02-02T13:07:41+00:00\",\"description\":\"Missa inga aktiviteter under Vision Days! H\u00e4r hittar ni aktiviteterna som sker i samband med Vision Days 2024.\",\"inLanguage\":\"sv-SE\",\"potentialAction\":[{\"@type\":\"ReadAction\",\"target\":[\"https:\\\/\\\/bgr.se\\\/vision-days\\\/eventkalender\\\/\"]}]},{\"@type\":\"ImageObject\",\"inLanguage\":\"sv-SE\",\"@id\":\"https:\\\/\\\/bgr.se\\\/vision-days\\\/eventkalender\\\/#primaryimage\",\"url\":\"https:\\\/\\\/bgr.se\\\/vision-days\\\/wp-content\\\/uploads\\\/2025\\\/10\\\/Bild-med-alla-forelasarna-2025.jpg\",\"contentUrl\":\"https:\\\/\\\/bgr.se\\\/vision-days\\\/wp-content\\\/uploads\\\/2025\\\/10\\\/Bild-med-alla-forelasarna-2025.jpg\",\"width\":1024,\"height\":900},{\"@type\":\"WebSite\",\"@id\":\"https:\\\/\\\/bgr.se\\\/vision-days\\\/#website\",\"url\":\"https:\\\/\\\/bgr.se\\\/vision-days\\\/\",\"name\":\"Vi samverkar f\u00f6r dig som f\u00f6retagare i Gnosj\u00f6regionen | BGRAB\",\"description\":\"\",\"publisher\":{\"@id\":\"https:\\\/\\\/bgr.se\\\/vision-days\\\/#organization\"},\"potentialAction\":[{\"@type\":\"SearchAction\",\"target\":{\"@type\":\"EntryPoint\",\"urlTemplate\":\"https:\\\/\\\/bgr.se\\\/vision-days\\\/?s={search_term_string}\"},\"query-input\":{\"@type\":\"PropertyValueSpecification\",\"valueRequired\":true,\"valueName\":\"search_term_string\"}}],\"inLanguage\":\"sv-SE\"},{\"@type\":\"Organization\",\"@id\":\"https:\\\/\\\/bgr.se\\\/vision-days\\\/#organization\",\"name\":\"Vi samverkar f\u00f6r dig som f\u00f6retagare i Gnosj\u00f6regionen | BGRAB\",\"url\":\"https:\\\/\\\/bgr.se\\\/vision-days\\\/\",\"logo\":{\"@type\":\"ImageObject\",\"inLanguage\":\"sv-SE\",\"@id\":\"https:\\\/\\\/bgr.se\\\/vision-days\\\/#\\\/schema\\\/logo\\\/image\\\/\",\"url\":\"https:\\\/\\\/bgr.se\\\/vision-days\\\/wp-content\\\/uploads\\\/2024\\\/02\\\/bgr.png\",\"contentUrl\":\"https:\\\/\\\/bgr.se\\\/vision-days\\\/wp-content\\\/uploads\\\/2024\\\/02\\\/bgr.png\",\"width\":600,\"height\":581,\"caption\":\"Vi samverkar f\u00f6r dig som f\u00f6retagare i Gnosj\u00f6regionen | BGRAB\"},\"image\":{\"@id\":\"https:\\\/\\\/bgr.se\\\/vision-days\\\/#\\\/schema\\\/logo\\\/image\\\/\"}}]}<\/script>\n<!-- \/ Yoast SEO plugin. -->","yoast_head_json":{"title":"Eventkalender |\u00a0Vision Days 2025","description":"Missa inga aktiviteter under Vision Days! H\u00e4r hittar ni aktiviteterna som sker i samband med Vision Days 2024.","robots":{"index":"index","follow":"follow","max-snippet":"max-snippet:-1","max-image-preview":"max-image-preview:large","max-video-preview":"max-video-preview:-1"},"canonical":"https:\/\/bgr.se\/vision-days\/eventkalender\/","og_locale":"sv_SE","og_type":"article","og_title":"Eventkalender |\u00a0Vision Days 2025","og_description":"Missa inga aktiviteter under Vision Days! H\u00e4r hittar ni aktiviteterna som sker i samband med Vision Days 2024.","og_url":"https:\/\/bgr.se\/vision-days\/eventkalender\/","og_site_name":"Vi samverkar f\u00f6r dig som f\u00f6retagare i Gnosj\u00f6regionen | BGRAB","article_modified_time":"2026-02-02T13:07:41+00:00","og_image":[{"width":1024,"height":900,"url":"https:\/\/bgr.se\/vision-days\/wp-content\/uploads\/2025\/10\/Bild-med-alla-forelasarna-2025.jpg","type":"image\/jpeg"}],"twitter_card":"summary_large_image","twitter_misc":{"Ber\u00e4knad l\u00e4stid":"1 minut"},"schema":{"@context":"https:\/\/schema.org","@graph":[{"@type":"WebPage","@id":"https:\/\/bgr.se\/vision-days\/eventkalender\/","url":"https:\/\/bgr.se\/vision-days\/eventkalender\/","name":"Eventkalender |\u00a0Vision Days 2025","isPartOf":{"@id":"https:\/\/bgr.se\/vision-days\/#website"},"primaryImageOfPage":{"@id":"https:\/\/bgr.se\/vision-days\/eventkalender\/#primaryimage"},"image":{"@id":"https:\/\/bgr.se\/vision-days\/eventkalender\/#primaryimage"},"thumbnailUrl":"https:\/\/bgr.se\/vision-days\/wp-content\/uploads\/2025\/10\/Bild-med-alla-forelasarna-2025.jpg","datePublished":"2024-02-27T07:34:10+00:00","dateModified":"2026-02-02T13:07:41+00:00","description":"Missa inga aktiviteter under Vision Days! H\u00e4r hittar ni aktiviteterna som sker i samband med Vision Days 2024.","inLanguage":"sv-SE","potentialAction":[{"@type":"ReadAction","target":["https:\/\/bgr.se\/vision-days\/eventkalender\/"]}]},{"@type":"ImageObject","inLanguage":"sv-SE","@id":"https:\/\/bgr.se\/vision-days\/eventkalender\/#primaryimage","url":"https:\/\/bgr.se\/vision-days\/wp-content\/uploads\/2025\/10\/Bild-med-alla-forelasarna-2025.jpg","contentUrl":"https:\/\/bgr.se\/vision-days\/wp-content\/uploads\/2025\/10\/Bild-med-alla-forelasarna-2025.jpg","width":1024,"height":900},{"@type":"WebSite","@id":"https:\/\/bgr.se\/vision-days\/#website","url":"https:\/\/bgr.se\/vision-days\/","name":"Vi samverkar f\u00f6r dig som f\u00f6retagare i Gnosj\u00f6regionen | BGRAB","description":"","publisher":{"@id":"https:\/\/bgr.se\/vision-days\/#organization"},"potentialAction":[{"@type":"SearchAction","target":{"@type":"EntryPoint","urlTemplate":"https:\/\/bgr.se\/vision-days\/?s={search_term_string}"},"query-input":{"@type":"PropertyValueSpecification","valueRequired":true,"valueName":"search_term_string"}}],"inLanguage":"sv-SE"},{"@type":"Organization","@id":"https:\/\/bgr.se\/vision-days\/#organization","name":"Vi samverkar f\u00f6r dig som f\u00f6retagare i Gnosj\u00f6regionen | BGRAB","url":"https:\/\/bgr.se\/vision-days\/","logo":{"@type":"ImageObject","inLanguage":"sv-SE","@id":"https:\/\/bgr.se\/vision-days\/#\/schema\/logo\/image\/","url":"https:\/\/bgr.se\/vision-days\/wp-content\/uploads\/2024\/02\/bgr.png","contentUrl":"https:\/\/bgr.se\/vision-days\/wp-content\/uploads\/2024\/02\/bgr.png","width":600,"height":581,"caption":"Vi samverkar f\u00f6r dig som f\u00f6retagare i Gnosj\u00f6regionen | BGRAB"},"image":{"@id":"https:\/\/bgr.se\/vision-days\/#\/schema\/logo\/image\/"}}]}},"_links":{"self":[{"href":"https:\/\/bgr.se\/vision-days\/wp-json\/wp\/v2\/pages\/276","targetHints":{"allow":["GET"]}}],"collection":[{"href":"https:\/\/bgr.se\/vision-days\/wp-json\/wp\/v2\/pages"}],"about":[{"href":"https:\/\/bgr.se\/vision-days\/wp-json\/wp\/v2\/types\/page"}],"author":[{"embeddable":true,"href":"https:\/\/bgr.se\/vision-days\/wp-json\/wp\/v2\/users\/1"}],"replies":[{"embeddable":true,"href":"https:\/\/bgr.se\/vision-days\/wp-json\/wp\/v2\/comments?post=276"}],"version-history":[{"count":135,"href":"https:\/\/bgr.se\/vision-days\/wp-json\/wp\/v2\/pages\/276\/revisions"}],"predecessor-version":[{"id":3963,"href":"https:\/\/bgr.se\/vision-days\/wp-json\/wp\/v2\/pages\/276\/revisions\/3963"}],"wp:attachment":[{"href":"https:\/\/bgr.se\/vision-days\/wp-json\/wp\/v2\/media?parent=276"}],"curies":[{"name":"wp","href":"https:\/\/api.w.org\/{rel}","templated":true}]}}