{"id":267,"date":"2024-02-26T16:53:10","date_gmt":"2024-02-26T15:53:10","guid":{"rendered":"https:\/\/bgr.se\/vision-days\/?page_id=267"},"modified":"2026-02-17T11:31:09","modified_gmt":"2026-02-17T10:31:09","slug":"vision-days","status":"publish","type":"page","link":"https:\/\/bgr.se\/vision-days\/","title":{"rendered":"Vision Days"},"content":{"rendered":"\t\t<div data-elementor-type=\"wp-page\" data-elementor-id=\"267\" class=\"elementor elementor-267\" data-elementor-post-type=\"page\">\n\t\t\t\t<div class=\"elementor-element elementor-element-60d1fa7 e-flex e-con-boxed e-con e-parent\" data-id=\"60d1fa7\" data-element_type=\"container\">\n\t\t\t\t\t<div class=\"e-con-inner\">\n\t\t\t\t<div class=\"elementor-element elementor-element-1408b8d countdown-outer-cont elementor-widget elementor-widget-shortcode\" data-id=\"1408b8d\" data-element_type=\"widget\" data-widget_type=\"shortcode.default\">\n\t\t\t\t<div class=\"elementor-widget-container\">\n\t\t\t\t\t\t\t<div class=\"elementor-shortcode\"><div id=\"countdown-c\">\t<div><span class=\"countdown-no\" id=\"countdown-days\"><\/span><span class=\"countdown-unit\">Dagar<\/span><\/div>\t<div class=\"countdown-sep\"><span class=\"countdown-no\">:<\/span><\/div>\t<div><span class=\"countdown-no\" id=\"countdown-hours\"><\/span><span class=\"countdown-unit\">Timmar<\/span><\/div>\t<div class=\"countdown-sep\"><span class=\"countdown-no\">:<\/span><\/div>\t<div><span class=\"countdown-no\" id=\"countdown-minutes\"><\/span><span class=\"countdown-unit\">Minuter<\/span><\/div><\/div><\/div>\n\t\t\t\t\t\t<\/div>\n\t\t\t\t<\/div>\n\t\t\t\t<div class=\"elementor-element elementor-element-6ba745f vision-days-big-img elementor-widget elementor-widget-image\" data-id=\"6ba745f\" data-element_type=\"widget\" data-widget_type=\"image.default\">\n\t\t\t\t<div class=\"elementor-widget-container\">\n\t\t\t\t\t\t\t\t\t\t\t\t\t\t\t<img fetchpriority=\"high\" decoding=\"async\" width=\"1270\" height=\"1377\" src=\"https:\/\/bgr.se\/vision-days\/wp-content\/uploads\/2025\/01\/vision-days-koncept-2025.jpg\" class=\"attachment-full size-full wp-image-2405\" alt=\"\" srcset=\"https:\/\/bgr.se\/vision-days\/wp-content\/uploads\/2025\/01\/vision-days-koncept-2025.jpg 1270w, https:\/\/bgr.se\/vision-days\/wp-content\/uploads\/2025\/01\/vision-days-koncept-2025-277x300.jpg 277w, https:\/\/bgr.se\/vision-days\/wp-content\/uploads\/2025\/01\/vision-days-koncept-2025-944x1024.jpg 944w, https:\/\/bgr.se\/vision-days\/wp-content\/uploads\/2025\/01\/vision-days-koncept-2025-768x833.jpg 768w\" sizes=\"(max-width: 1270px) 100vw, 1270px\" \/>\t\t\t\t\t\t\t\t\t\t\t\t\t\t\t<\/div>\n\t\t\t\t<\/div>\n\t\t\t\t\t<\/div>\n\t\t\t\t<\/div>\n\t\t<div class=\"elementor-element elementor-element-d26c94c e-flex e-con-boxed e-con e-parent\" data-id=\"d26c94c\" data-element_type=\"container\">\n\t\t\t\t\t<div class=\"e-con-inner\">\n\t\t\t\t<div class=\"elementor-element elementor-element-dc91a12 date-pre elementor-widget elementor-widget-heading\" data-id=\"dc91a12\" data-element_type=\"widget\" data-widget_type=\"heading.default\">\n\t\t\t\t<div class=\"elementor-widget-container\">\n\t\t\t\t\t<span class=\"elementor-heading-title elementor-size-default\">Vecka 40\n\n <\/span>\t\t\t\t<\/div>\n\t\t\t\t<\/div>\n\t\t\t\t\t<\/div>\n\t\t\t\t<\/div>\n\t\t<div class=\"elementor-element elementor-element-1b005d0 e-flex e-con-boxed e-con e-parent\" data-id=\"1b005d0\" data-element_type=\"container\">\n\t\t\t\t\t<div class=\"e-con-inner\">\n\t\t\t\t<div class=\"elementor-element elementor-element-1b8554d elementor-widget__width-initial elementor-widget elementor-widget-text-editor\" data-id=\"1b8554d\" data-element_type=\"widget\" data-widget_type=\"text-editor.default\">\n\t\t\t\t<div class=\"elementor-widget-container\">\n\t\t\t\t\t\t\t\t\t<h2>30\/9-2\/10 2026<\/h2>\t\t\t\t\t\t\t\t<\/div>\n\t\t\t\t<\/div>\n\t\t\t\t<div class=\"elementor-element elementor-element-dd4bd8b elementor-widget__width-initial elementor-widget elementor-widget-text-editor\" data-id=\"dd4bd8b\" data-element_type=\"widget\" data-widget_type=\"text-editor.default\">\n\t\t\t\t<div class=\"elementor-widget-container\">\n\t\t\t\t\t\t\t\t\t<div>\u00a0<\/div><div><p data-start=\"156\" data-end=\"489\"><strong>Vision Days<\/strong> \u00e4r Business Gnosj\u00f6region AB:s \u00e5terkommande n\u00e4ringslivssatsning och en gemensam m\u00f6tesplats f\u00f6r hela regionens f\u00f6retag och organisationer. Syftet \u00e4r tydligt: att st\u00e4rka n\u00e4ringslivet i Gnosj\u00f6regionen, skapa intresse f\u00f6r regionen och v\u00e5ra f\u00f6retag, b\u00e5de regionalt och nationellt samt bidra till utveckling i alla branscher.<\/p><p data-start=\"491\" data-end=\"792\">Genom seminarier, samtal och m\u00f6ten lyfter Vision Days aktuella fr\u00e5gor och viktiga framtidsteman. H\u00e4r skapas diskussioner som leder vidare till nya id\u00e9er, nya kontakter och nya aff\u00e4rsm\u00f6jligheter. Vision Days ska ge b\u00e5de inspiration och konkreta insikter, samtidigt som vi st\u00e4rker samarbetet i regionen.<\/p><p data-start=\"794\" data-end=\"833\">\u00c5rets tema f\u00f6r 2026 \u00e4r <strong data-start=\"817\" data-end=\"832\">M\u00f6jligheter<\/strong>.<\/p><p data-start=\"835\" data-end=\"896\" data-is-last-node=\"\" data-is-only-node=\"\">V\u00e4lkomna till Vision Days 2026 &#8211; dagar fyllda av m\u00f6jligheter.<\/p><\/div><p data-start=\"835\" data-end=\"896\" data-is-last-node=\"\" data-is-only-node=\"\">\u00a0<\/p><p data-start=\"835\" data-end=\"896\" data-is-last-node=\"\" data-is-only-node=\"\">\u00a0<\/p><div><h4>F\u00f6r att se tidigare event <a href=\"https:\/\/bgr.se\/vision-days\/tidigare-ars-event\/\" target=\"_blank\" rel=\"noopener\">klicka H\u00c4R<\/a><\/h4><\/div>\t\t\t\t\t\t\t\t<\/div>\n\t\t\t\t<\/div>\n\t\t\t\t\t<\/div>\n\t\t\t\t<\/div>\n\t\t<div class=\"elementor-element elementor-element-2bf31d3 e-flex e-con-boxed e-con e-parent\" data-id=\"2bf31d3\" data-element_type=\"container\">\n\t\t\t\t\t<div class=\"e-con-inner\">\n\t\t\t\t<div class=\"elementor-element elementor-element-dd4ca64 knapp-anmalan elementor-hidden-desktop elementor-hidden-tablet elementor-hidden-mobile elementor-widget elementor-widget-button\" data-id=\"dd4ca64\" data-element_type=\"widget\" data-widget_type=\"button.default\">\n\t\t\t\t<div class=\"elementor-widget-container\">\n\t\t\t\t\t\t\t\t\t<div class=\"elementor-button-wrapper\">\n\t\t\t\t\t<a class=\"elementor-button elementor-button-link elementor-size-md\" href=\"\/vision-days\/eventkalender\/\">\n\t\t\t\t\t\t<span class=\"elementor-button-content-wrapper\">\n\t\t\t\t\t\t\t\t\t<span class=\"elementor-button-text\">ANM\u00c4LAN<\/span>\n\t\t\t\t\t<\/span>\n\t\t\t\t\t<\/a>\n\t\t\t\t<\/div>\n\t\t\t\t\t\t\t\t<\/div>\n\t\t\t\t<\/div>\n\t\t\t\t\t<\/div>\n\t\t\t\t<\/div>\n\t\t<div class=\"elementor-element elementor-element-595afa9 boxes-cont e-flex e-con-boxed e-con e-parent\" data-id=\"595afa9\" data-element_type=\"container\">\n\t\t\t\t\t<div class=\"e-con-inner\">\n\t\t<a class=\"elementor-element elementor-element-16c10b1 e-con-full elementor-hidden-desktop elementor-hidden-tablet elementor-hidden-mobile e-flex e-con e-child\" data-id=\"16c10b1\" data-element_type=\"container\" data-settings=\"{&quot;background_background&quot;:&quot;classic&quot;}\" href=\"\/vision-days\/vara-ambassadorer\/\">\n\t\t\t\t<div class=\"elementor-element elementor-element-d7db56b elementor-hidden-desktop elementor-hidden-tablet elementor-hidden-mobile elementor-widget elementor-widget-image\" data-id=\"d7db56b\" data-element_type=\"widget\" data-widget_type=\"image.default\">\n\t\t\t\t<div class=\"elementor-widget-container\">\n\t\t\t\t\t\t\t\t\t\t\t\t\t\t\t<img decoding=\"async\" width=\"768\" height=\"473\" src=\"https:\/\/bgr.se\/vision-days\/wp-content\/uploads\/2024\/04\/Forelasning-med-kvinnlig-forelasare-kopiera-768x473.jpg\" class=\"attachment-medium_large size-medium_large wp-image-1578\" alt=\"\" srcset=\"https:\/\/bgr.se\/vision-days\/wp-content\/uploads\/2024\/04\/Forelasning-med-kvinnlig-forelasare-kopiera-768x473.jpg 768w, https:\/\/bgr.se\/vision-days\/wp-content\/uploads\/2024\/04\/Forelasning-med-kvinnlig-forelasare-kopiera-300x185.jpg 300w, https:\/\/bgr.se\/vision-days\/wp-content\/uploads\/2024\/04\/Forelasning-med-kvinnlig-forelasare-kopiera.jpg 947w\" sizes=\"(max-width: 768px) 100vw, 768px\" \/>\t\t\t\t\t\t\t\t\t\t\t\t\t\t\t<\/div>\n\t\t\t\t<\/div>\n\t\t<div class=\"elementor-element elementor-element-f028cdf elementor-hidden-desktop elementor-hidden-tablet elementor-hidden-mobile e-flex e-con-boxed e-con e-child\" data-id=\"f028cdf\" data-element_type=\"container\">\n\t\t\t\t\t<div class=\"e-con-inner\">\n\t\t\t\t<div class=\"elementor-element elementor-element-dd30ab3 box-pre elementor-hidden-desktop elementor-hidden-tablet elementor-hidden-mobile elementor-widget elementor-widget-heading\" data-id=\"dd30ab3\" data-element_type=\"widget\" data-widget_type=\"heading.default\">\n\t\t\t\t<div class=\"elementor-widget-container\">\n\t\t\t\t\t<span class=\"elementor-heading-title elementor-size-default\">V\u00e5ra ambassad\u00f6rer<\/span>\t\t\t\t<\/div>\n\t\t\t\t<\/div>\n\t\t\t\t<div class=\"elementor-element elementor-element-d62453a elementor-hidden-desktop elementor-hidden-tablet elementor-hidden-mobile elementor-widget elementor-widget-heading\" data-id=\"d62453a\" data-element_type=\"widget\" data-widget_type=\"heading.default\">\n\t\t\t\t<div class=\"elementor-widget-container\">\n\t\t\t\t\t<h2 class=\"elementor-heading-title elementor-size-default\">Tr\u00e4ffa v\u00e5ra ambassad\u00f6rer!<\/h2>\t\t\t\t<\/div>\n\t\t\t\t<\/div>\n\t\t\t\t<div class=\"elementor-element elementor-element-08876e0 elementor-hidden-desktop elementor-hidden-tablet elementor-hidden-mobile elementor-widget elementor-widget-heading\" data-id=\"08876e0\" data-element_type=\"widget\" data-widget_type=\"heading.default\">\n\t\t\t\t<div class=\"elementor-widget-container\">\n\t\t\t\t\t<span class=\"elementor-heading-title elementor-size-default\">L\u00e4s mer &gt;<\/span>\t\t\t\t<\/div>\n\t\t\t\t<\/div>\n\t\t\t\t\t<\/div>\n\t\t\t\t<\/div>\n\t\t\t\t<\/a>\n\t\t<a class=\"elementor-element elementor-element-6c754ec e-con-full elementor-hidden-desktop elementor-hidden-tablet elementor-hidden-mobile e-flex e-con e-child\" data-id=\"6c754ec\" data-element_type=\"container\" data-settings=\"{&quot;background_background&quot;:&quot;classic&quot;}\" href=\"\/vision-days\/eventkalender\/\">\n\t\t\t\t<div class=\"elementor-element elementor-element-e8becb9 elementor-widget elementor-widget-image\" data-id=\"e8becb9\" data-element_type=\"widget\" data-widget_type=\"image.default\">\n\t\t\t\t<div class=\"elementor-widget-container\">\n\t\t\t\t\t\t\t\t\t\t\t\t\t\t\t<img decoding=\"async\" width=\"345\" height=\"345\" src=\"https:\/\/bgr.se\/vision-days\/wp-content\/uploads\/2024\/05\/johan-wester-startsida.png\" class=\"attachment-medium_large size-medium_large wp-image-1997\" alt=\"\" srcset=\"https:\/\/bgr.se\/vision-days\/wp-content\/uploads\/2024\/05\/johan-wester-startsida.png 345w, https:\/\/bgr.se\/vision-days\/wp-content\/uploads\/2024\/05\/johan-wester-startsida-300x300.png 300w, https:\/\/bgr.se\/vision-days\/wp-content\/uploads\/2024\/05\/johan-wester-startsida-150x150.png 150w\" sizes=\"(max-width: 345px) 100vw, 345px\" \/>\t\t\t\t\t\t\t\t\t\t\t\t\t\t\t<\/div>\n\t\t\t\t<\/div>\n\t\t<div class=\"elementor-element elementor-element-56d6bba e-flex e-con-boxed e-con e-child\" data-id=\"56d6bba\" data-element_type=\"container\">\n\t\t\t\t\t<div class=\"e-con-inner\">\n\t\t\t\t<div class=\"elementor-element elementor-element-408815f box-pre elementor-widget elementor-widget-heading\" data-id=\"408815f\" data-element_type=\"widget\" data-widget_type=\"heading.default\">\n\t\t\t\t<div class=\"elementor-widget-container\">\n\t\t\t\t\t<span class=\"elementor-heading-title elementor-size-default\">Eventkalender<\/span>\t\t\t\t<\/div>\n\t\t\t\t<\/div>\n\t\t\t\t<div class=\"elementor-element elementor-element-0a6f783 elementor-widget elementor-widget-heading\" data-id=\"0a6f783\" data-element_type=\"widget\" data-widget_type=\"heading.default\">\n\t\t\t\t<div class=\"elementor-widget-container\">\n\t\t\t\t\t<h2 class=\"elementor-heading-title elementor-size-default\">Detta h\u00e4nder under Vision Days!<\/h2>\t\t\t\t<\/div>\n\t\t\t\t<\/div>\n\t\t\t\t<div class=\"elementor-element elementor-element-df85ad2 elementor-widget elementor-widget-heading\" data-id=\"df85ad2\" data-element_type=\"widget\" data-widget_type=\"heading.default\">\n\t\t\t\t<div class=\"elementor-widget-container\">\n\t\t\t\t\t<span class=\"elementor-heading-title elementor-size-default\">L\u00e4s mer &gt;<\/span>\t\t\t\t<\/div>\n\t\t\t\t<\/div>\n\t\t\t\t\t<\/div>\n\t\t\t\t<\/div>\n\t\t\t\t<\/a>\n\t\t<a class=\"elementor-element elementor-element-398e991 e-con-full elementor-hidden-desktop elementor-hidden-tablet elementor-hidden-mobile e-flex e-con e-child\" data-id=\"398e991\" data-element_type=\"container\" data-settings=\"{&quot;background_background&quot;:&quot;classic&quot;}\" href=\"\/vision-days\/vara-samarbetspartners\/\">\n\t\t\t\t<div class=\"elementor-element elementor-element-858cb0b elementor-widget elementor-widget-image\" data-id=\"858cb0b\" data-element_type=\"widget\" data-widget_type=\"image.default\">\n\t\t\t\t<div class=\"elementor-widget-container\">\n\t\t\t\t\t\t\t\t\t\t\t\t\t\t\t<img loading=\"lazy\" decoding=\"async\" width=\"768\" height=\"586\" src=\"https:\/\/bgr.se\/vision-days\/wp-content\/uploads\/2024\/04\/Handslag-med-kvinna-kopiera-768x586.jpg\" class=\"attachment-medium_large size-medium_large wp-image-1579\" alt=\"\" srcset=\"https:\/\/bgr.se\/vision-days\/wp-content\/uploads\/2024\/04\/Handslag-med-kvinna-kopiera-768x586.jpg 768w, https:\/\/bgr.se\/vision-days\/wp-content\/uploads\/2024\/04\/Handslag-med-kvinna-kopiera-300x229.jpg 300w, https:\/\/bgr.se\/vision-days\/wp-content\/uploads\/2024\/04\/Handslag-med-kvinna-kopiera-1024x781.jpg 1024w, https:\/\/bgr.se\/vision-days\/wp-content\/uploads\/2024\/04\/Handslag-med-kvinna-kopiera.jpg 1409w\" sizes=\"(max-width: 768px) 100vw, 768px\" \/>\t\t\t\t\t\t\t\t\t\t\t\t\t\t\t<\/div>\n\t\t\t\t<\/div>\n\t\t<div class=\"elementor-element elementor-element-18595f4 e-flex e-con-boxed e-con e-child\" data-id=\"18595f4\" data-element_type=\"container\">\n\t\t\t\t\t<div class=\"e-con-inner\">\n\t\t\t\t<div class=\"elementor-element elementor-element-ee5968e box-pre elementor-widget elementor-widget-heading\" data-id=\"ee5968e\" data-element_type=\"widget\" data-widget_type=\"heading.default\">\n\t\t\t\t<div class=\"elementor-widget-container\">\n\t\t\t\t\t<span class=\"elementor-heading-title elementor-size-default\">V\u00e5ra samarbetspartners<\/span>\t\t\t\t<\/div>\n\t\t\t\t<\/div>\n\t\t\t\t<div class=\"elementor-element elementor-element-2d0fe5b elementor-widget elementor-widget-heading\" data-id=\"2d0fe5b\" data-element_type=\"widget\" data-widget_type=\"heading.default\">\n\t\t\t\t<div class=\"elementor-widget-container\">\n\t\t\t\t\t<h2 class=\"elementor-heading-title elementor-size-default\">H\u00e4r \u00e4r alla f\u00f6retag som deltar p\u00e5 eventet.<\/h2>\t\t\t\t<\/div>\n\t\t\t\t<\/div>\n\t\t\t\t<div class=\"elementor-element elementor-element-ac7e0cd elementor-widget elementor-widget-heading\" data-id=\"ac7e0cd\" data-element_type=\"widget\" data-widget_type=\"heading.default\">\n\t\t\t\t<div class=\"elementor-widget-container\">\n\t\t\t\t\t<span class=\"elementor-heading-title elementor-size-default\">L\u00e4s mer &gt;<\/span>\t\t\t\t<\/div>\n\t\t\t\t<\/div>\n\t\t\t\t\t<\/div>\n\t\t\t\t<\/div>\n\t\t\t\t<\/a>\n\t\t\t\t\t<\/div>\n\t\t\t\t<\/div>\n\t\t\t\t<\/div>\n\t\t","protected":false},"excerpt":{"rendered":"<p>Vecka 40 30\/9-2\/10 2026 \u00a0 Vision Days \u00e4r Business Gnosj\u00f6region AB:s \u00e5terkommande n\u00e4ringslivssatsning och en gemensam m\u00f6tesplats f\u00f6r hela regionens f\u00f6retag och organisationer. Syftet \u00e4r tydligt: att st\u00e4rka n\u00e4ringslivet i Gnosj\u00f6regionen, skapa intresse f\u00f6r regionen och v\u00e5ra f\u00f6retag, b\u00e5de regionalt och nationellt samt bidra till utveckling i alla branscher. Genom seminarier, samtal och m\u00f6ten lyfter [&hellip;]<\/p>\n","protected":false},"author":1,"featured_media":0,"parent":0,"menu_order":1010,"comment_status":"closed","ping_status":"open","template":"","meta":{"_acf_changed":false,"footnotes":""},"class_list":["post-267","page","type-page","status-publish","hentry"],"acf":[],"yoast_head":"<!-- This site is optimized with the Yoast SEO plugin v25.4 - https:\/\/yoast.com\/wordpress\/plugins\/seo\/ -->\n<title>Vision Days 2026<\/title>\n<meta name=\"description\" content=\"V\u00e4lkommen till Vision Days 2026 \u00e5rs upplaga\" \/>\n<meta name=\"robots\" content=\"index, follow, max-snippet:-1, max-image-preview:large, max-video-preview:-1\" \/>\n<link rel=\"canonical\" href=\"https:\/\/bgr.se\/vision-days\/\" \/>\n<meta property=\"og:locale\" content=\"sv_SE\" \/>\n<meta property=\"og:type\" content=\"article\" \/>\n<meta property=\"og:title\" content=\"Vision Days 2026\" \/>\n<meta property=\"og:description\" content=\"V\u00e4lkommen till Vision Days 2026 \u00e5rs upplaga\" \/>\n<meta property=\"og:url\" content=\"https:\/\/bgr.se\/vision-days\/\" \/>\n<meta property=\"og:site_name\" content=\"Vi samverkar f\u00f6r dig som f\u00f6retagare i Gnosj\u00f6regionen | BGRAB\" \/>\n<meta property=\"article:modified_time\" content=\"2026-02-17T10:31:09+00:00\" \/>\n<meta property=\"og:image\" content=\"https:\/\/bgr.se\/vision-days\/wp-content\/uploads\/2025\/01\/vision-days-koncept-2025.jpg\" \/>\n\t<meta property=\"og:image:width\" content=\"1270\" \/>\n\t<meta property=\"og:image:height\" content=\"1377\" \/>\n\t<meta property=\"og:image:type\" content=\"image\/jpeg\" \/>\n<meta name=\"twitter:card\" content=\"summary_large_image\" \/>\n<meta name=\"twitter:label1\" content=\"Ber\u00e4knad l\u00e4stid\" \/>\n\t<meta name=\"twitter:data1\" content=\"2 minuter\" \/>\n<script type=\"application\/ld+json\" class=\"yoast-schema-graph\">{\"@context\":\"https:\/\/schema.org\",\"@graph\":[{\"@type\":\"WebPage\",\"@id\":\"https:\/\/bgr.se\/vision-days\/\",\"url\":\"https:\/\/bgr.se\/vision-days\/\",\"name\":\"Vision Days 2026\",\"isPartOf\":{\"@id\":\"https:\/\/bgr.se\/vision-days\/#website\"},\"primaryImageOfPage\":{\"@id\":\"https:\/\/bgr.se\/vision-days\/#primaryimage\"},\"image\":{\"@id\":\"https:\/\/bgr.se\/vision-days\/#primaryimage\"},\"thumbnailUrl\":\"https:\/\/bgr.se\/vision-days\/wp-content\/uploads\/2025\/01\/vision-days-koncept-2025.jpg\",\"datePublished\":\"2024-02-26T15:53:10+00:00\",\"dateModified\":\"2026-02-17T10:31:09+00:00\",\"description\":\"V\u00e4lkommen till Vision Days 2026 \u00e5rs upplaga\",\"inLanguage\":\"sv-SE\",\"potentialAction\":[{\"@type\":\"ReadAction\",\"target\":[\"https:\/\/bgr.se\/vision-days\/\"]}]},{\"@type\":\"ImageObject\",\"inLanguage\":\"sv-SE\",\"@id\":\"https:\/\/bgr.se\/vision-days\/#primaryimage\",\"url\":\"https:\/\/bgr.se\/vision-days\/wp-content\/uploads\/2025\/01\/vision-days-koncept-2025.jpg\",\"contentUrl\":\"https:\/\/bgr.se\/vision-days\/wp-content\/uploads\/2025\/01\/vision-days-koncept-2025.jpg\",\"width\":1270,\"height\":1377},{\"@type\":\"WebSite\",\"@id\":\"https:\/\/bgr.se\/vision-days\/#website\",\"url\":\"https:\/\/bgr.se\/vision-days\/\",\"name\":\"Vi samverkar f\u00f6r dig som f\u00f6retagare i Gnosj\u00f6regionen | BGRAB\",\"description\":\"\",\"publisher\":{\"@id\":\"https:\/\/bgr.se\/vision-days\/#organization\"},\"potentialAction\":[{\"@type\":\"SearchAction\",\"target\":{\"@type\":\"EntryPoint\",\"urlTemplate\":\"https:\/\/bgr.se\/vision-days\/?s={search_term_string}\"},\"query-input\":{\"@type\":\"PropertyValueSpecification\",\"valueRequired\":true,\"valueName\":\"search_term_string\"}}],\"inLanguage\":\"sv-SE\"},{\"@type\":\"Organization\",\"@id\":\"https:\/\/bgr.se\/vision-days\/#organization\",\"name\":\"Vi samverkar f\u00f6r dig som f\u00f6retagare i Gnosj\u00f6regionen | BGRAB\",\"url\":\"https:\/\/bgr.se\/vision-days\/\",\"logo\":{\"@type\":\"ImageObject\",\"inLanguage\":\"sv-SE\",\"@id\":\"https:\/\/bgr.se\/vision-days\/#\/schema\/logo\/image\/\",\"url\":\"https:\/\/bgr.se\/vision-days\/wp-content\/uploads\/2024\/02\/bgr.png\",\"contentUrl\":\"https:\/\/bgr.se\/vision-days\/wp-content\/uploads\/2024\/02\/bgr.png\",\"width\":600,\"height\":581,\"caption\":\"Vi samverkar f\u00f6r dig som f\u00f6retagare i Gnosj\u00f6regionen | BGRAB\"},\"image\":{\"@id\":\"https:\/\/bgr.se\/vision-days\/#\/schema\/logo\/image\/\"}}]}<\/script>\n<!-- \/ Yoast SEO plugin. -->","yoast_head_json":{"title":"Vision Days 2026","description":"V\u00e4lkommen till Vision Days 2026 \u00e5rs upplaga","robots":{"index":"index","follow":"follow","max-snippet":"max-snippet:-1","max-image-preview":"max-image-preview:large","max-video-preview":"max-video-preview:-1"},"canonical":"https:\/\/bgr.se\/vision-days\/","og_locale":"sv_SE","og_type":"article","og_title":"Vision Days 2026","og_description":"V\u00e4lkommen till Vision Days 2026 \u00e5rs upplaga","og_url":"https:\/\/bgr.se\/vision-days\/","og_site_name":"Vi samverkar f\u00f6r dig som f\u00f6retagare i Gnosj\u00f6regionen | BGRAB","article_modified_time":"2026-02-17T10:31:09+00:00","og_image":[{"width":1270,"height":1377,"url":"https:\/\/bgr.se\/vision-days\/wp-content\/uploads\/2025\/01\/vision-days-koncept-2025.jpg","type":"image\/jpeg"}],"twitter_card":"summary_large_image","twitter_misc":{"Ber\u00e4knad l\u00e4stid":"2 minuter"},"schema":{"@context":"https:\/\/schema.org","@graph":[{"@type":"WebPage","@id":"https:\/\/bgr.se\/vision-days\/","url":"https:\/\/bgr.se\/vision-days\/","name":"Vision Days 2026","isPartOf":{"@id":"https:\/\/bgr.se\/vision-days\/#website"},"primaryImageOfPage":{"@id":"https:\/\/bgr.se\/vision-days\/#primaryimage"},"image":{"@id":"https:\/\/bgr.se\/vision-days\/#primaryimage"},"thumbnailUrl":"https:\/\/bgr.se\/vision-days\/wp-content\/uploads\/2025\/01\/vision-days-koncept-2025.jpg","datePublished":"2024-02-26T15:53:10+00:00","dateModified":"2026-02-17T10:31:09+00:00","description":"V\u00e4lkommen till Vision Days 2026 \u00e5rs upplaga","inLanguage":"sv-SE","potentialAction":[{"@type":"ReadAction","target":["https:\/\/bgr.se\/vision-days\/"]}]},{"@type":"ImageObject","inLanguage":"sv-SE","@id":"https:\/\/bgr.se\/vision-days\/#primaryimage","url":"https:\/\/bgr.se\/vision-days\/wp-content\/uploads\/2025\/01\/vision-days-koncept-2025.jpg","contentUrl":"https:\/\/bgr.se\/vision-days\/wp-content\/uploads\/2025\/01\/vision-days-koncept-2025.jpg","width":1270,"height":1377},{"@type":"WebSite","@id":"https:\/\/bgr.se\/vision-days\/#website","url":"https:\/\/bgr.se\/vision-days\/","name":"Vi samverkar f\u00f6r dig som f\u00f6retagare i Gnosj\u00f6regionen | BGRAB","description":"","publisher":{"@id":"https:\/\/bgr.se\/vision-days\/#organization"},"potentialAction":[{"@type":"SearchAction","target":{"@type":"EntryPoint","urlTemplate":"https:\/\/bgr.se\/vision-days\/?s={search_term_string}"},"query-input":{"@type":"PropertyValueSpecification","valueRequired":true,"valueName":"search_term_string"}}],"inLanguage":"sv-SE"},{"@type":"Organization","@id":"https:\/\/bgr.se\/vision-days\/#organization","name":"Vi samverkar f\u00f6r dig som f\u00f6retagare i Gnosj\u00f6regionen | BGRAB","url":"https:\/\/bgr.se\/vision-days\/","logo":{"@type":"ImageObject","inLanguage":"sv-SE","@id":"https:\/\/bgr.se\/vision-days\/#\/schema\/logo\/image\/","url":"https:\/\/bgr.se\/vision-days\/wp-content\/uploads\/2024\/02\/bgr.png","contentUrl":"https:\/\/bgr.se\/vision-days\/wp-content\/uploads\/2024\/02\/bgr.png","width":600,"height":581,"caption":"Vi samverkar f\u00f6r dig som f\u00f6retagare i Gnosj\u00f6regionen | BGRAB"},"image":{"@id":"https:\/\/bgr.se\/vision-days\/#\/schema\/logo\/image\/"}}]}},"_links":{"self":[{"href":"https:\/\/bgr.se\/vision-days\/wp-json\/wp\/v2\/pages\/267","targetHints":{"allow":["GET"]}}],"collection":[{"href":"https:\/\/bgr.se\/vision-days\/wp-json\/wp\/v2\/pages"}],"about":[{"href":"https:\/\/bgr.se\/vision-days\/wp-json\/wp\/v2\/types\/page"}],"author":[{"embeddable":true,"href":"https:\/\/bgr.se\/vision-days\/wp-json\/wp\/v2\/users\/1"}],"replies":[{"embeddable":true,"href":"https:\/\/bgr.se\/vision-days\/wp-json\/wp\/v2\/comments?post=267"}],"version-history":[{"count":467,"href":"https:\/\/bgr.se\/vision-days\/wp-json\/wp\/v2\/pages\/267\/revisions"}],"predecessor-version":[{"id":3980,"href":"https:\/\/bgr.se\/vision-days\/wp-json\/wp\/v2\/pages\/267\/revisions\/3980"}],"wp:attachment":[{"href":"https:\/\/bgr.se\/vision-days\/wp-json\/wp\/v2\/media?parent=267"}],"curies":[{"name":"wp","href":"https:\/\/api.w.org\/{rel}","templated":true}]}}